{"id":1606,"date":"2026-03-30T00:35:42","date_gmt":"2026-03-29T21:35:42","guid":{"rendered":"https:\/\/prefemin.md\/?page_id=1606"},"modified":"2026-03-30T00:35:49","modified_gmt":"2026-03-29T21:35:49","slug":"sindromul-premenstrual","status":"publish","type":"page","link":"https:\/\/prefemin.md\/ro\/sindromul-premenstrual\/","title":{"rendered":"Sindromul premenstrual"},"content":{"rendered":"\n<section id=block-settings-wrap-69d2a31d96752 class=\"colums-shadow-button-hover title-wrap-dark-gray btn-wrap-border-radius block-settings-wrap block-settings-wrap-69d2a31d96752\" >\n\n<div class=\"\">\n\n<section id=block-settings-wrap-69d2a31d9350a class=\"columns-centered list-wrap-green-disc btn-wrap-border-radius block-settings-wrap block-settings-wrap-69d2a31d9350a\" >\n\n<div class=\"\">\n\n<div class=\"wp-block-columns is-layout-flex wp-container-core-columns-is-layout-9d6595d7 wp-block-columns-is-layout-flex\">\n<div class=\"wp-block-column is-layout-flow wp-block-column-is-layout-flow\" style=\"flex-basis:810px\">\n<ul class=\"wp-block-list\">\n<li>Sindromul premenstrual \u2014 un complex de simptome pe care femeile le resimt cu c\u00e2teva zile (de regul\u0103, \u00eentre dou\u0103 \u0219i zece) \u00eenainte de \u00eenceperea unui nou ciclu.<\/li>\n\n\n\n<li>Sindromul premenstrual se caracterizeaz\u0103 prin simptome fizice \u0219i\/sau psihice, care num\u0103r\u0103 p\u00e2n\u0103 la 200 de manifest\u0103ri diferite. De aceea, speciali\u0219tii clasific\u0103 sindromul premenstrual drept o afec\u021biune complex\u0103.<\/li>\n\n\n\n<li>Formele severe ale sindromului premenstrual se pot manifesta prin depresie sau anxietate nejustificat\u0103. Aceast\u0103 stare se nume\u0219te tulburare disforic\u0103 premenstrual\u0103 sau TDPM.<\/li>\n\n\n\n<li>Simptomele sindromului premenstrual ating pragul maxim \u00eenainte de menstrua\u021bie \u0219i dispar la scurt timp dup\u0103 \u00eenceperea acesteia.<\/li>\n\n\n\n<li>Printre cele mai frecvente simptome ale sindromului premenstrual se num\u0103r\u0103 tensiunea \u0219i\/sau sensibilitatea s\u00e2nilor, balonarea, spasmele sau durerile abdominale, iritabilitatea, schimb\u0103rile de dispozi\u021bie, furia, durerile de cap, precum \u0219i durerile articulare \u0219i musculare.<\/li>\n<\/ul>\n<\/div>\n<\/div>\n\n<\/div>\n  <style>\n    .block-settings-wrap-69d2a31d9350a {background-size: cover;background-repeat: no-repeat;padding-top: 0px;padding-bottom: 0px;margin-top: 0px;margin-bottom: 0px;}@media only screen and (max-width: 1200px){ .block-settings-wrap-69d2a31d9350a{ background-size: cover;background-repeat: no-repeat; } }   \n  <\/style>\n<\/section>\n\n\n<div style=\"height:20px\" aria-hidden=\"true\" class=\"wp-block-spacer\"><\/div>\n\n\n\n<h3 class=\"wp-block-heading has-text-align-center\">Afl\u0103 mai multe<\/h3>\n\n\n\n<div style=\"height:20px\" aria-hidden=\"true\" class=\"wp-block-spacer\"><\/div>\n\n\n\n<hr class=\"wp-block-separator has-alpha-channel-opacity\"\/>\n\n\n\n<div style=\"height:60px\" aria-hidden=\"true\" class=\"wp-block-spacer\"><\/div>\n\n\n\n<div class=\"wp-block-query is-layout-flow wp-block-query-is-layout-flow\" data-paged=\"1\" data-attrs=\"{&quot;blockName&quot;:&quot;core\\\/query&quot;,&quot;attrs&quot;:{&quot;queryId&quot;:18,&quot;query&quot;:{&quot;perPage&quot;:&quot;4&quot;,&quot;pages&quot;:&quot;0&quot;,&quot;offset&quot;:&quot;0&quot;,&quot;postType&quot;:&quot;post&quot;,&quot;order&quot;:&quot;desc&quot;,&quot;orderBy&quot;:&quot;date&quot;,&quot;author&quot;:&quot;&quot;,&quot;search&quot;:&quot;&quot;,&quot;exclude&quot;:[],&quot;sticky&quot;:&quot;&quot;,&quot;inherit&quot;:false,&quot;taxQuery&quot;:{&quot;category&quot;:[7]}}},&quot;innerBlocks&quot;:[{&quot;blockName&quot;:&quot;core\\\/post-template&quot;,&quot;attrs&quot;:{&quot;align&quot;:&quot;full&quot;,&quot;layout&quot;:{&quot;type&quot;:&quot;grid&quot;,&quot;columnCount&quot;:4}},&quot;innerBlocks&quot;:[{&quot;blockName&quot;:&quot;core\\\/group&quot;,&quot;attrs&quot;:{&quot;layout&quot;:{&quot;type&quot;:&quot;constrained&quot;}},&quot;innerBlocks&quot;:[{&quot;blockName&quot;:&quot;core\\\/post-featured-image&quot;,&quot;attrs&quot;:{&quot;isLink&quot;:true,&quot;aspectRatio&quot;:&quot;auto&quot;,&quot;width&quot;:&quot;&quot;,&quot;height&quot;:&quot;&quot;,&quot;style&quot;:{&quot;spacing&quot;:{&quot;padding&quot;:{&quot;bottom&quot;:&quot;0&quot;}}}},&quot;innerBlocks&quot;:[],&quot;innerHTML&quot;:&quot;&quot;,&quot;innerContent&quot;:[]},{&quot;blockName&quot;:&quot;core\\\/post-title&quot;,&quot;attrs&quot;:{&quot;level&quot;:5},&quot;innerBlocks&quot;:[],&quot;innerHTML&quot;:&quot;&quot;,&quot;innerContent&quot;:[]}],&quot;innerHTML&quot;:&quot;\\n&lt;div class=\\&quot;wp-block-group\\&quot;&gt;\\n\\n&lt;\\\/div&gt;\\n&quot;,&quot;innerContent&quot;:[&quot;\\n&lt;div class=\\&quot;wp-block-group\\&quot;&gt;&quot;,null,&quot;\\n\\n&quot;,null,&quot;&lt;\\\/div&gt;\\n&quot;]},{&quot;blockName&quot;:&quot;core\\\/post-excerpt&quot;,&quot;attrs&quot;:{&quot;moreText&quot;:&quot;Mai multe detalii&quot;,&quot;excerptLength&quot;:100,&quot;className&quot;:&quot;wp-block-button&quot;,&quot;style&quot;:{&quot;typography&quot;:{&quot;fontSize&quot;:&quot;14px&quot;}}},&quot;innerBlocks&quot;:[],&quot;innerHTML&quot;:&quot;&quot;,&quot;innerContent&quot;:[]}],&quot;innerHTML&quot;:&quot;\\n\\n\\n\\n&quot;,&quot;innerContent&quot;:[&quot;\\n&quot;,null,&quot;\\n\\n&quot;,null,&quot;\\n&quot;]},{&quot;blockName&quot;:&quot;core\\\/spacer&quot;,&quot;attrs&quot;:{&quot;height&quot;:&quot;50px&quot;},&quot;innerBlocks&quot;:[],&quot;innerHTML&quot;:&quot;\\n&lt;div style=\\&quot;height:50px\\&quot; aria-hidden=\\&quot;true\\&quot; class=\\&quot;wp-block-spacer\\&quot;&gt;&lt;\\\/div&gt;\\n&quot;,&quot;innerContent&quot;:[&quot;\\n&lt;div style=\\&quot;height:50px\\&quot; aria-hidden=\\&quot;true\\&quot; class=\\&quot;wp-block-spacer\\&quot;&gt;&lt;\\\/div&gt;\\n&quot;]},{&quot;blockName&quot;:&quot;core\\\/buttons&quot;,&quot;attrs&quot;:{&quot;layout&quot;:{&quot;type&quot;:&quot;flex&quot;,&quot;justifyContent&quot;:&quot;center&quot;}},&quot;innerBlocks&quot;:[{&quot;blockName&quot;:&quot;core\\\/button&quot;,&quot;attrs&quot;:{&quot;className&quot;:&quot;view-more-query&quot;},&quot;innerBlocks&quot;:[],&quot;innerHTML&quot;:&quot;\\n&lt;div class=\\&quot;wp-block-button view-more-query\\&quot;&gt;&lt;a class=\\&quot;wp-block-button__link wp-element-button\\&quot;&gt;Vezi mai multe&lt;\\\/a&gt;&lt;\\\/div&gt;\\n&quot;,&quot;innerContent&quot;:[&quot;\\n&lt;div class=\\&quot;wp-block-button view-more-query\\&quot;&gt;&lt;a class=\\&quot;wp-block-button__link wp-element-button\\&quot;&gt;Vezi mai multe&lt;\\\/a&gt;&lt;\\\/div&gt;\\n&quot;]}],&quot;innerHTML&quot;:&quot;\\n&lt;div class=\\&quot;wp-block-buttons\\&quot;&gt;&lt;\\\/div&gt;\\n&quot;,&quot;innerContent&quot;:[&quot;\\n&lt;div class=\\&quot;wp-block-buttons\\&quot;&gt;&quot;,null,&quot;&lt;\\\/div&gt;\\n&quot;]}],&quot;innerHTML&quot;:&quot;\\n&lt;div class=\\&quot;wp-block-query\\&quot;&gt;\\n\\n\\n\\n&lt;\\\/div&gt;\\n&quot;,&quot;innerContent&quot;:[&quot;\\n&lt;div class=\\&quot;wp-block-query\\&quot;&gt;&quot;,null,&quot;\\n\\n&quot;,null,&quot;\\n\\n&quot;,null,&quot;&lt;\\\/div&gt;\\n&quot;]}\">\n\n\n<div style=\"height:50px\" aria-hidden=\"true\" class=\"wp-block-spacer\"><\/div>\n\n\n\n<div class=\"wp-block-buttons is-content-justification-center is-layout-flex wp-container-core-buttons-is-layout-16018d1d wp-block-buttons-is-layout-flex\">\n<div class=\"wp-block-button view-more-query\"><a class=\"wp-block-button__link wp-element-button\">Vezi mai multe<\/a><\/div>\n<\/div>\n<\/div>\n\n\n\n<div style=\"height:40px\" aria-hidden=\"true\" class=\"wp-block-spacer\"><\/div>\n\n<\/div>\n  <style>\n    .block-settings-wrap-69d2a31d96752 {background-size: cover;background-repeat: no-repeat;padding-top: 36px;}@media only screen and (max-width: 1200px){ .block-settings-wrap-69d2a31d96752{ background-size: cover;background-repeat: no-repeat; } }   \n  <\/style>\n<\/section>","protected":false},"excerpt":{"rendered":"","protected":false},"author":1,"featured_media":0,"parent":0,"menu_order":0,"comment_status":"closed","ping_status":"closed","template":"","meta":{"inline_featured_image":false,"footnotes":""},"class_list":["post-1606","page","type-page","status-publish","hentry","entry"],"yoast_head":"<!-- This site is optimized with the Yoast SEO Premium plugin v22.3 (Yoast SEO v22.3) - https:\/\/yoast.com\/wordpress\/plugins\/seo\/ -->\n<title>Sindromul premenstrual - \u041f\u0440\u0435\u0444\u0435\u043c\u0438\u043d<\/title>\n<meta name=\"robots\" content=\"index, follow, max-snippet:-1, max-image-preview:large, max-video-preview:-1\" \/>\n<link rel=\"canonical\" href=\"https:\/\/prefemin.md\/ro\/sindromul-premenstrual\/\" \/>\n<meta property=\"og:locale\" content=\"ro_RO\" \/>\n<meta property=\"og:type\" content=\"article\" \/>\n<meta property=\"og:title\" content=\"Sindromul premenstrual\" \/>\n<meta property=\"og:url\" content=\"https:\/\/prefemin.md\/ro\/sindromul-premenstrual\/\" \/>\n<meta property=\"og:site_name\" content=\"\u041f\u0440\u0435\u0444\u0435\u043c\u0438\u043d\" \/>\n<meta property=\"article:modified_time\" content=\"2026-03-29T21:35:49+00:00\" \/>\n<meta name=\"twitter:card\" content=\"summary_large_image\" \/>\n<meta name=\"twitter:label1\" content=\"Est. reading time\" \/>\n\t<meta name=\"twitter:data1\" content=\"1 minute\" \/>\n<script type=\"application\/ld+json\" class=\"yoast-schema-graph\">{\"@context\":\"https:\/\/schema.org\",\"@graph\":[{\"@type\":\"WebPage\",\"@id\":\"https:\/\/prefemin.md\/ro\/sindromul-premenstrual\/\",\"url\":\"https:\/\/prefemin.md\/ro\/sindromul-premenstrual\/\",\"name\":\"Sindromul premenstrual - \u041f\u0440\u0435\u0444\u0435\u043c\u0438\u043d\",\"isPartOf\":{\"@id\":\"https:\/\/prefemin.md\/#website\"},\"datePublished\":\"2026-03-29T21:35:42+00:00\",\"dateModified\":\"2026-03-29T21:35:49+00:00\",\"breadcrumb\":{\"@id\":\"https:\/\/prefemin.md\/ro\/sindromul-premenstrual\/#breadcrumb\"},\"inLanguage\":\"ro-RO\",\"potentialAction\":[{\"@type\":\"ReadAction\",\"target\":[\"https:\/\/prefemin.md\/ro\/sindromul-premenstrual\/\"]}]},{\"@type\":\"BreadcrumbList\",\"@id\":\"https:\/\/prefemin.md\/ro\/sindromul-premenstrual\/#breadcrumb\",\"itemListElement\":[{\"@type\":\"ListItem\",\"position\":1,\"name\":\"\u0413\u043b\u0430\u0432\u043d\u0430\u044f \u0441\u0442\u0440\u0430\u043d\u0438\u0446\u0430\",\"item\":\"https:\/\/prefemin.md\/ro\/\"},{\"@type\":\"ListItem\",\"position\":2,\"name\":\"Sindromul premenstrual\"}]},{\"@type\":\"WebSite\",\"@id\":\"https:\/\/prefemin.md\/#website\",\"url\":\"https:\/\/prefemin.md\/\",\"name\":\"\u041f\u0440\u0435\u0444\u0435\u043c\u0438\u043d\",\"description\":\"\u041b\u0435\u0447\u0435\u043d\u0438\u0435 \u041f\u041c\u0421 \u0438 \u041f\u041c\u0414\u0421\",\"publisher\":{\"@id\":\"https:\/\/prefemin.md\/#organization\"},\"potentialAction\":[{\"@type\":\"SearchAction\",\"target\":{\"@type\":\"EntryPoint\",\"urlTemplate\":\"https:\/\/prefemin.md\/?s={search_term_string}\"},\"query-input\":\"required name=search_term_string\"}],\"inLanguage\":\"ro-RO\"},{\"@type\":\"Organization\",\"@id\":\"https:\/\/prefemin.md\/#organization\",\"name\":\"\u041f\u0440\u0435\u0444\u0435\u043c\u0438\u043d\",\"url\":\"https:\/\/prefemin.md\/\",\"logo\":{\"@type\":\"ImageObject\",\"inLanguage\":\"ro-RO\",\"@id\":\"https:\/\/prefemin.md\/#\/schema\/logo\/image\/\",\"url\":\"https:\/\/prefemin.md\/wp-content\/uploads\/2024\/08\/Prefemin-RU-01.svg\",\"contentUrl\":\"https:\/\/prefemin.md\/wp-content\/uploads\/2024\/08\/Prefemin-RU-01.svg\",\"caption\":\"\u041f\u0440\u0435\u0444\u0435\u043c\u0438\u043d\"},\"image\":{\"@id\":\"https:\/\/prefemin.md\/#\/schema\/logo\/image\/\"}}]}<\/script>\n<!-- \/ Yoast SEO Premium plugin. -->","yoast_head_json":{"title":"Sindromul premenstrual - \u041f\u0440\u0435\u0444\u0435\u043c\u0438\u043d","robots":{"index":"index","follow":"follow","max-snippet":"max-snippet:-1","max-image-preview":"max-image-preview:large","max-video-preview":"max-video-preview:-1"},"canonical":"https:\/\/prefemin.md\/ro\/sindromul-premenstrual\/","og_locale":"ro_RO","og_type":"article","og_title":"Sindromul premenstrual","og_url":"https:\/\/prefemin.md\/ro\/sindromul-premenstrual\/","og_site_name":"\u041f\u0440\u0435\u0444\u0435\u043c\u0438\u043d","article_modified_time":"2026-03-29T21:35:49+00:00","twitter_card":"summary_large_image","twitter_misc":{"Est. reading time":"1 minute"},"schema":{"@context":"https:\/\/schema.org","@graph":[{"@type":"WebPage","@id":"https:\/\/prefemin.md\/ro\/sindromul-premenstrual\/","url":"https:\/\/prefemin.md\/ro\/sindromul-premenstrual\/","name":"Sindromul premenstrual - \u041f\u0440\u0435\u0444\u0435\u043c\u0438\u043d","isPartOf":{"@id":"https:\/\/prefemin.md\/#website"},"datePublished":"2026-03-29T21:35:42+00:00","dateModified":"2026-03-29T21:35:49+00:00","breadcrumb":{"@id":"https:\/\/prefemin.md\/ro\/sindromul-premenstrual\/#breadcrumb"},"inLanguage":"ro-RO","potentialAction":[{"@type":"ReadAction","target":["https:\/\/prefemin.md\/ro\/sindromul-premenstrual\/"]}]},{"@type":"BreadcrumbList","@id":"https:\/\/prefemin.md\/ro\/sindromul-premenstrual\/#breadcrumb","itemListElement":[{"@type":"ListItem","position":1,"name":"\u0413\u043b\u0430\u0432\u043d\u0430\u044f \u0441\u0442\u0440\u0430\u043d\u0438\u0446\u0430","item":"https:\/\/prefemin.md\/ro\/"},{"@type":"ListItem","position":2,"name":"Sindromul premenstrual"}]},{"@type":"WebSite","@id":"https:\/\/prefemin.md\/#website","url":"https:\/\/prefemin.md\/","name":"\u041f\u0440\u0435\u0444\u0435\u043c\u0438\u043d","description":"\u041b\u0435\u0447\u0435\u043d\u0438\u0435 \u041f\u041c\u0421 \u0438 \u041f\u041c\u0414\u0421","publisher":{"@id":"https:\/\/prefemin.md\/#organization"},"potentialAction":[{"@type":"SearchAction","target":{"@type":"EntryPoint","urlTemplate":"https:\/\/prefemin.md\/?s={search_term_string}"},"query-input":"required name=search_term_string"}],"inLanguage":"ro-RO"},{"@type":"Organization","@id":"https:\/\/prefemin.md\/#organization","name":"\u041f\u0440\u0435\u0444\u0435\u043c\u0438\u043d","url":"https:\/\/prefemin.md\/","logo":{"@type":"ImageObject","inLanguage":"ro-RO","@id":"https:\/\/prefemin.md\/#\/schema\/logo\/image\/","url":"https:\/\/prefemin.md\/wp-content\/uploads\/2024\/08\/Prefemin-RU-01.svg","contentUrl":"https:\/\/prefemin.md\/wp-content\/uploads\/2024\/08\/Prefemin-RU-01.svg","caption":"\u041f\u0440\u0435\u0444\u0435\u043c\u0438\u043d"},"image":{"@id":"https:\/\/prefemin.md\/#\/schema\/logo\/image\/"}}]}},"_links":{"self":[{"href":"https:\/\/prefemin.md\/ro\/wp-json\/wp\/v2\/pages\/1606","targetHints":{"allow":["GET"]}}],"collection":[{"href":"https:\/\/prefemin.md\/ro\/wp-json\/wp\/v2\/pages"}],"about":[{"href":"https:\/\/prefemin.md\/ro\/wp-json\/wp\/v2\/types\/page"}],"author":[{"embeddable":true,"href":"https:\/\/prefemin.md\/ro\/wp-json\/wp\/v2\/users\/1"}],"replies":[{"embeddable":true,"href":"https:\/\/prefemin.md\/ro\/wp-json\/wp\/v2\/comments?post=1606"}],"version-history":[{"count":1,"href":"https:\/\/prefemin.md\/ro\/wp-json\/wp\/v2\/pages\/1606\/revisions"}],"predecessor-version":[{"id":1608,"href":"https:\/\/prefemin.md\/ro\/wp-json\/wp\/v2\/pages\/1606\/revisions\/1608"}],"wp:attachment":[{"href":"https:\/\/prefemin.md\/ro\/wp-json\/wp\/v2\/media?parent=1606"}],"curies":[{"name":"wp","href":"https:\/\/api.w.org\/{rel}","templated":true}]}}